{"id":1059,"date":"2023-03-10T11:25:59","date_gmt":"2023-03-10T10:25:59","guid":{"rendered":"https:\/\/villeurbanne-2.circo.ac-lyon.fr\/wordpress\/?page_id=1059"},"modified":"2023-03-10T11:26:00","modified_gmt":"2023-03-10T10:26:00","slug":"donnees-personnelles-et-cookies","status":"publish","type":"page","link":"https:\/\/villeurbanne-2.circo.ac-lyon.fr\/wordpress\/donnees-personnelles-et-cookies\/","title":{"rendered":"Donn\u00e9es personnelles et cookies"},"content":{"rendered":"","protected":false},"excerpt":{"rendered":"","protected":false},"author":5,"featured_media":0,"parent":0,"menu_order":0,"comment_status":"closed","ping_status":"closed","template":"","meta":{"advgb_blocks_editor_width":"","advgb_blocks_columns_visual_guide":"","ngg_post_thumbnail":0,"_EventAllDay":false,"_EventTimezone":"","_EventStartDate":"","_EventEndDate":"","_EventStartDateUTC":"","_EventEndDateUTC":"","_EventShowMap":false,"_EventShowMapLink":false,"_EventURL":"","_EventCost":"","_EventCostDescription":"","_EventCurrencySymbol":"","_EventCurrencyCode":"","_EventCurrencyPosition":"","_EventDateTimeSeparator":"","_EventTimeRangeSeparator":"","_EventOrganizerID":[],"_EventVenueID":0,"_OrganizerEmail":"","_OrganizerPhone":"","_OrganizerWebsite":"","_VenueAddress":"","_VenueCity":"","_VenueCountry":"","_VenueProvince":"","_VenueZip":"","_VenuePhone":"","_VenueURL":"","_VenueStateProvince":"","_VenueLat":"","_VenueLng":"","footnotes":""},"class_list":["post-1059","page","type-page","status-publish","hentry"],"coauthors":[],"author_meta":{"author_link":"https:\/\/villeurbanne-2.circo.ac-lyon.fr\/wordpress\/author\/daneblog\/","display_name":"Webmestre acad\u00e9mique"},"relative_dates":{"created":"Publi\u00e9 3 ans il y a","modified":"Mis \u00e0 jour 3 ans il y a"},"absolute_dates":{"created":"Publi\u00e9 le 10 mars 2023","modified":"Mise \u00e0 jour le 10 mars 2023"},"absolute_dates_time":{"created":"Publi\u00e9 le 10 mars 2023 11 h 25 min","modified":"Mise \u00e0 jour le 10 mars 2023 11 h 26 min"},"featured_img_caption":"","featured_img":false,"series_order":"","_links":{"self":[{"href":"https:\/\/villeurbanne-2.circo.ac-lyon.fr\/wordpress\/wp-json\/wp\/v2\/pages\/1059","targetHints":{"allow":["GET"]}}],"collection":[{"href":"https:\/\/villeurbanne-2.circo.ac-lyon.fr\/wordpress\/wp-json\/wp\/v2\/pages"}],"about":[{"href":"https:\/\/villeurbanne-2.circo.ac-lyon.fr\/wordpress\/wp-json\/wp\/v2\/types\/page"}],"author":[{"embeddable":true,"href":"https:\/\/villeurbanne-2.circo.ac-lyon.fr\/wordpress\/wp-json\/wp\/v2\/users\/5"}],"replies":[{"embeddable":true,"href":"https:\/\/villeurbanne-2.circo.ac-lyon.fr\/wordpress\/wp-json\/wp\/v2\/comments?post=1059"}],"version-history":[{"count":1,"href":"https:\/\/villeurbanne-2.circo.ac-lyon.fr\/wordpress\/wp-json\/wp\/v2\/pages\/1059\/revisions"}],"predecessor-version":[{"id":1062,"href":"https:\/\/villeurbanne-2.circo.ac-lyon.fr\/wordpress\/wp-json\/wp\/v2\/pages\/1059\/revisions\/1062"}],"wp:attachment":[{"href":"https:\/\/villeurbanne-2.circo.ac-lyon.fr\/wordpress\/wp-json\/wp\/v2\/media?parent=1059"}],"curies":[{"name":"wp","href":"https:\/\/api.w.org\/{rel}","templated":true}]}}