{"id":1053,"date":"2023-03-10T11:24:42","date_gmt":"2023-03-10T10:24:42","guid":{"rendered":"https:\/\/villeurbanne-2.circo.ac-lyon.fr\/wordpress\/?page_id=1053"},"modified":"2023-03-10T11:24:43","modified_gmt":"2023-03-10T10:24:43","slug":"mentions-legales","status":"publish","type":"page","link":"https:\/\/villeurbanne-2.circo.ac-lyon.fr\/wordpress\/mentions-legales\/","title":{"rendered":"Mentions l\u00e9gales"},"content":{"rendered":"\n<p>L\u2019affichage des mentions l\u00e9gales est une obligation aussi bien pour les sites internet professionnels que pour les sites personnels, en vertu de la loi du 21 juin 2004 pour la confiance dans l\u2019\u00e9conomie (LCEN) num\u00e9rique. En vertu de cette loi, voici les coordonn\u00e9es de l\u2019\u00e9diteur et du prestataire qui accueille le site : [https:\/\/\u2026\u2026\u2026\u2026\u2026\u2026\u2026\u2026\u2026\u2026.blog.ac-lyon.fr] .<\/p>\n\n\n\n<h2 class=\"wp-block-heading\">\u00c9diteur<\/h2>\n\n\n\n<p>[Adresse postale et num\u00e9ro de t\u00e9l\u00e9phone de l\u2019\u00e9diteur] (rectorat, DSDEN, lyc\u00e9e ou coll\u00e8ge)<\/p>\n\n\n\n<h4 class=\"wp-block-heading\">Direction de publication<\/h4>\n\n\n\n<p>[L\u2019IA-IPR, IEN-ET-EG pour le site disciplinaire]<br>[L\u2019IA-DASEN du d\u00e9partement pour le site de la DSDEN]<br>[Le chef d\u2019\u00e9tablissement pour le site de l\u2019\u00e9tablissement scolaire]<\/p>\n\n\n\n<h4 class=\"wp-block-heading\">Responsabilit\u00e9 \u00e9ditoriale<\/h4>\n\n\n\n<p>Madame\/Monsieur [Pr\u00e9nom, Nom], [IA-IPR, IEN-ET-EG pour le site disciplinaire, IEN pour le site<br>des \u00e9coles et de la circonscription\u2026]<\/p>\n\n\n\n<h4 class=\"wp-block-heading\">Webmestre<\/h4>\n\n\n\n<p>[Pr\u00e9nom, Nom] pour les sites disciplinaires, d\u2019EPLE et d\u2019\u00e9cole<br>Qualit\u00e9 : [enseignant], \u2026<\/p>\n\n\n\n<h2 class=\"wp-block-heading\">Droits d\u2019auteur et droits de reproduction du contenu mis en ligne<\/h2>\n\n\n\n<h4 class=\"wp-block-heading\">Demande d\u2019autorisation de reproduction du logo<\/h4>\n\n\n\n<p>L\u2019utilisation du logotype du rectorat de l\u2019acad\u00e9mie de Lyon, de la DSDEN de [d\u00e9partement] ou de l\u2019\u00e9tablissement scolaire [nom de l\u2019\u00e9tablissement] est soumise \u00e0 autorisation. Elle ne pourra en aucun cas \u00eatre accord\u00e9e \u00e0 une demande concernant les sites priv\u00e9s, personnels ou commerciaux hors partenariat avec le [rectorat\/DSDEN\/l\u2019\u00e9tablissement scolaire]. Dans le cas contraire, contacter le directeur de publication.<\/p>\n\n\n\n<h4 class=\"wp-block-heading\">Demande d\u2019autorisation de reproduction des contenus<\/h4>\n\n\n\n<p>Toute copie partielle ou int\u00e9grale du site [URL du site] doit faire l\u2019objet d\u2019une d\u00e9claration aupr\u00e8s du directeur de publication.<\/p>\n\n\n\n<p>Les demandes d\u2019autorisation doivent \u00eatre adress\u00e9es \u00e0 : [Adresse postale de l\u2019acad\u00e9mie\/DSDEN\/l\u2019\u00e9tablissement scolaire]<\/p>\n\n\n\n<p>La demande devra pr\u00e9ciser le contenu vis\u00e9 ainsi que la publication ou le site sur lequel ce dernier figurera. Une fois cette autorisation obtenue, la reproduction d\u2019un contenu doit ob\u00e9ir aux principes suivants :<\/p>\n\n\n\n<ul class=\"wp-block-list\">\n<li>gratuit\u00e9 de la diffusion ;<\/li>\n\n\n\n<li>respect de l\u2019int\u00e9grit\u00e9 des documents reproduits (aucune modification, ni alt\u00e9ration d\u2019aucune sorte) ;<\/li>\n\n\n\n<li>mention obligatoire : \u201c\u00a9 [URL du site] \u2013 acad\u00e9mie de Lyon \u2013 droits r\u00e9serv\u00e9s\u201d. Cette mention pointera gr\u00e2ce \u00e0 un lien hypertexte directement sur le contenu.<\/li>\n\n\n\n<li>insertion d\u2019une ic\u00f4ne repr\u00e9sentant le site internet.<\/li>\n<\/ul>\n\n\n\n<p>Les organismes sous tutelle ainsi que les autres minist\u00e8res sont dispens\u00e9s de cette demande d\u2019autorisation sous r\u00e9serve d\u2019insertion de la mention \u201c\u00a9 [URL du site] \u2013 acad\u00e9mie de Lyon \u2013 droits r\u00e9serv\u00e9s\u201d. Cette mention pointera gr\u00e2ce \u00e0 un lien hypertexte directement sur le contenu.<\/p>\n\n\n\n<h4 class=\"wp-block-heading\">Cr\u00e9dits photographiques<\/h4>\n\n\n\n<p>Ce blog utilise<\/p>\n\n\n\n<ul class=\"wp-block-list\">\n<li>des images en provenance du site <a rel=\"noreferrer noopener\" href=\"https:\/\/pixabay.com\/fr\/\" target=\"_blank\">https:\/\/pixabay.com\/fr\/<\/a> sous licence <a rel=\"noreferrer noopener\" href=\"https:\/\/pixabay.com\/fr\/service\/license\/\" target=\"_blank\">Pixabay License<\/a> (libre pour usage commercial \u2013 pas d\u2019attribution requise) ;<\/li>\n\n\n\n<li>des images cr\u00e9\u00e9es par et pour le rectorat de l\u2019acad\u00e9mie de Lyon\/ la DSDEN de [d\u00e9partement] \/l\u2019\u00e9tablissement scolaire [nom de l\u2019\u00e9tablissement] qui est titulaire des droits relatifs \u00e0 leur propri\u00e9t\u00e9 intellectuelle.<\/li>\n<\/ul>\n\n\n\n<h4 class=\"wp-block-heading\">Cr\u00e9dits vid\u00e9os<\/h4>\n\n\n\n<p>Le rectorat de l\u2019acad\u00e9mie de Lyon\/ La DSDEN de [d\u00e9partement] \/L\u2019\u00e9tablissement scolaire [nom de l\u2019\u00e9tablissement] est titulaire des droits relatifs \u00e0 la propri\u00e9t\u00e9 intellectuelle des vid\u00e9os figurant sur l\u2019ensemble du site (sauf mention contraire).<\/p>\n\n\n\n<h2 class=\"wp-block-heading\">Responsabilit\u00e9 face aux liens vers d\u2019autres sites<\/h2>\n\n\n\n<p>Le site [URL du site] propose de nombreux liens vers d\u2019autres sites, essentiellement des sites officiels (gouvernement, institutions, organismes publics, etc.) mais aussi vers des sites, fran\u00e7ais ou \u00e9trangers, d\u2019associations, d\u2019organismes professionnels du secteur \u00e9ducatif ou d\u2019entreprises partenaires sur des op\u00e9rations ponctuelles.<\/p>\n\n\n\n<p>Il est pr\u00e9cis\u00e9 vers quel site nous vous proposons d\u2019aller. Ces pages, dont les adresses sont r\u00e9guli\u00e8rement v\u00e9rifi\u00e9es, ne font pas partie du site [pr\u00e9ciser de quel \u00e9tablissement\/service\/discipline\u2026] : elles n\u2019engagent pas la responsabilit\u00e9 de la r\u00e9daction du site qui ne peut \u00eatre tenue pour responsable des contenus vers lesquels ces liens pointent. Ils ne visent qu\u2019\u00e0 permettre \u00e0 l\u2019internaute d\u2019acc\u00e9der plus facilement \u00e0 d\u2019autres ressources documentaires sur le sujet consult\u00e9.<\/p>\n\n\n\n<h2 class=\"wp-block-heading\">Cr\u00e9ation de liens depuis le site [URL du site]<\/h2>\n\n\n\n<p>Aucune d\u00e9marche de liens vers des sites priv\u00e9s, personnels ou commerciaux ne sera satisfaite.<\/p>\n\n\n\n<h2 class=\"wp-block-heading\">Accessibilit\u00e9s du site<\/h2>\n\n\n\n<p>Les pages sont mises progressivement en conformit\u00e9 avec les recommandations du r\u00e9f\u00e9rentiel commun des crit\u00e8res d\u2019accessibilit\u00e9 des services Internet de l\u2019administration fran\u00e7aise pour respecter la loi n\u00b02005-102 du 11 f\u00e9vrier 2005 pour l\u2019\u00e9galit\u00e9 des droits et des chances, la participation et la citoyennet\u00e9 des personnes handicap\u00e9es.<\/p>\n\n\n\n<h2 class=\"wp-block-heading\">Nous contacter<\/h2>\n\n\n\n<p>La DSDEN de [d\u00e9partement]<br>L\u2019\u00e9tablissement scolaire [nom de l\u2019\u00e9tablissement]<\/p>\n\n\n\n<p>=&gt; lien vers le formulaire de contact<\/p>\n\n\n\n<h2 class=\"wp-block-heading\">Litiges<\/h2>\n\n\n\n<p>En cas de litige, il conviendra de saisir le tribunal comp\u00e9tent.<\/p>\n","protected":false},"excerpt":{"rendered":"<p>L\u2019affichage des mentions l\u00e9gales est une obligation aussi bien pour les sites internet professionnels que pour les sites personnels, en vertu de la loi du 21 juin 2004 pour la &hellip; <a href=\"https:\/\/villeurbanne-2.circo.ac-lyon.fr\/wordpress\/mentions-legales\/\" class=\"more-link\">Continuer la lecture de <span class=\"screen-reader-text\">Mentions l\u00e9gales<\/span>  <span class=\"meta-nav\">&rarr;<\/span><\/a><\/p>\n","protected":false},"author":5,"featured_media":0,"parent":0,"menu_order":0,"comment_status":"closed","ping_status":"closed","template":"","meta":{"advgb_blocks_editor_width":"","advgb_blocks_columns_visual_guide":"","ngg_post_thumbnail":0,"_EventAllDay":false,"_EventTimezone":"","_EventStartDate":"","_EventEndDate":"","_EventStartDateUTC":"","_EventEndDateUTC":"","_EventShowMap":false,"_EventShowMapLink":false,"_EventURL":"","_EventCost":"","_EventCostDescription":"","_EventCurrencySymbol":"","_EventCurrencyCode":"","_EventCurrencyPosition":"","_EventDateTimeSeparator":"","_EventTimeRangeSeparator":"","_EventOrganizerID":[],"_EventVenueID":0,"_OrganizerEmail":"","_OrganizerPhone":"","_OrganizerWebsite":"","_VenueAddress":"","_VenueCity":"","_VenueCountry":"","_VenueProvince":"","_VenueZip":"","_VenuePhone":"","_VenueURL":"","_VenueStateProvince":"","_VenueLat":"","_VenueLng":"","footnotes":""},"class_list":["post-1053","page","type-page","status-publish","hentry"],"coauthors":[],"author_meta":{"author_link":"https:\/\/villeurbanne-2.circo.ac-lyon.fr\/wordpress\/author\/daneblog\/","display_name":"Webmestre acad\u00e9mique"},"relative_dates":{"created":"Publi\u00e9 3 ans il y a","modified":"Mis \u00e0 jour 3 ans il y a"},"absolute_dates":{"created":"Publi\u00e9 le 10 mars 2023","modified":"Mise \u00e0 jour le 10 mars 2023"},"absolute_dates_time":{"created":"Publi\u00e9 le 10 mars 2023 11 h 24 min","modified":"Mise \u00e0 jour le 10 mars 2023 11 h 24 min"},"featured_img_caption":"","featured_img":false,"series_order":"","_links":{"self":[{"href":"https:\/\/villeurbanne-2.circo.ac-lyon.fr\/wordpress\/wp-json\/wp\/v2\/pages\/1053","targetHints":{"allow":["GET"]}}],"collection":[{"href":"https:\/\/villeurbanne-2.circo.ac-lyon.fr\/wordpress\/wp-json\/wp\/v2\/pages"}],"about":[{"href":"https:\/\/villeurbanne-2.circo.ac-lyon.fr\/wordpress\/wp-json\/wp\/v2\/types\/page"}],"author":[{"embeddable":true,"href":"https:\/\/villeurbanne-2.circo.ac-lyon.fr\/wordpress\/wp-json\/wp\/v2\/users\/5"}],"replies":[{"embeddable":true,"href":"https:\/\/villeurbanne-2.circo.ac-lyon.fr\/wordpress\/wp-json\/wp\/v2\/comments?post=1053"}],"version-history":[{"count":1,"href":"https:\/\/villeurbanne-2.circo.ac-lyon.fr\/wordpress\/wp-json\/wp\/v2\/pages\/1053\/revisions"}],"predecessor-version":[{"id":1058,"href":"https:\/\/villeurbanne-2.circo.ac-lyon.fr\/wordpress\/wp-json\/wp\/v2\/pages\/1053\/revisions\/1058"}],"wp:attachment":[{"href":"https:\/\/villeurbanne-2.circo.ac-lyon.fr\/wordpress\/wp-json\/wp\/v2\/media?parent=1053"}],"curies":[{"name":"wp","href":"https:\/\/api.w.org\/{rel}","templated":true}]}}